{"id":692,"date":"2023-03-29T14:34:36","date_gmt":"2023-03-29T12:34:36","guid":{"rendered":"https:\/\/observatoiredelasanteinternationale.fr\/?page_id=692"},"modified":"2023-07-19T16:06:00","modified_gmt":"2023-07-19T14:06:00","slug":"mentions-legales-observatoire-de-la-sante-internationale","status":"publish","type":"page","link":"https:\/\/observatoiredelasanteinternationale.fr\/index.php\/mentions-legales-observatoire-de-la-sante-internationale\/","title":{"rendered":"Mentions L\u00e9gales"},"content":{"rendered":"[vc_row type=\u00a0\u00bbin_container\u00a0\u00bb full_screen_row_position=\u00a0\u00bbmiddle\u00a0\u00bb column_margin=\u00a0\u00bbdefault\u00a0\u00bb column_direction=\u00a0\u00bbdefault\u00a0\u00bb column_direction_tablet=\u00a0\u00bbdefault\u00a0\u00bb column_direction_phone=\u00a0\u00bbdefault\u00a0\u00bb scene_position=\u00a0\u00bbcenter\u00a0\u00bb text_color=\u00a0\u00bbdark\u00a0\u00bb text_align=\u00a0\u00bbleft\u00a0\u00bb row_border_radius=\u00a0\u00bbnone\u00a0\u00bb row_border_radius_applies=\u00a0\u00bbbg\u00a0\u00bb overflow=\u00a0\u00bbvisible\u00a0\u00bb overlay_strength=\u00a0\u00bb0.3&Prime; gradient_direction=\u00a0\u00bbleft_to_right\u00a0\u00bb shape_divider_position=\u00a0\u00bbbottom\u00a0\u00bb bg_image_animation=\u00a0\u00bbnone\u00a0\u00bb][vc_column column_padding=\u00a0\u00bbno-extra-padding\u00a0\u00bb column_padding_tablet=\u00a0\u00bbinherit\u00a0\u00bb column_padding_phone=\u00a0\u00bbinherit\u00a0\u00bb column_padding_position=\u00a0\u00bball\u00a0\u00bb column_element_direction_desktop=\u00a0\u00bbdefault\u00a0\u00bb column_element_spacing=\u00a0\u00bbdefault\u00a0\u00bb desktop_text_alignment=\u00a0\u00bbdefault\u00a0\u00bb tablet_text_alignment=\u00a0\u00bbdefault\u00a0\u00bb phone_text_alignment=\u00a0\u00bbdefault\u00a0\u00bb background_color_opacity=\u00a0\u00bb1&Prime; background_hover_color_opacity=\u00a0\u00bb1&Prime; column_backdrop_filter=\u00a0\u00bbnone\u00a0\u00bb column_shadow=\u00a0\u00bbnone\u00a0\u00bb column_border_radius=\u00a0\u00bbnone\u00a0\u00bb column_link_target=\u00a0\u00bb_self\u00a0\u00bb column_position=\u00a0\u00bbdefault\u00a0\u00bb gradient_direction=\u00a0\u00bbleft_to_right\u00a0\u00bb overlay_strength=\u00a0\u00bb0.3&Prime; width=\u00a0\u00bb1\/1&Prime; tablet_width_inherit=\u00a0\u00bbdefault\u00a0\u00bb animation_type=\u00a0\u00bbdefault\u00a0\u00bb bg_image_animation=\u00a0\u00bbnone\u00a0\u00bb border_type=\u00a0\u00bbsimple\u00a0\u00bb column_border_width=\u00a0\u00bbnone\u00a0\u00bb column_border_style=\u00a0\u00bbsolid\u00a0\u00bb][vc_column_text]\n<h1>Mentions L\u00e9gales<\/h1>\n[\/vc_column_text][\/vc_column][\/vc_row][vc_row type=\u00a0\u00bbin_container\u00a0\u00bb full_screen_row_position=\u00a0\u00bbmiddle\u00a0\u00bb column_margin=\u00a0\u00bbdefault\u00a0\u00bb column_direction=\u00a0\u00bbdefault\u00a0\u00bb column_direction_tablet=\u00a0\u00bbdefault\u00a0\u00bb column_direction_phone=\u00a0\u00bbdefault\u00a0\u00bb scene_position=\u00a0\u00bbcenter\u00a0\u00bb text_color=\u00a0\u00bbdark\u00a0\u00bb text_align=\u00a0\u00bbleft\u00a0\u00bb row_border_radius=\u00a0\u00bbnone\u00a0\u00bb row_border_radius_applies=\u00a0\u00bbbg\u00a0\u00bb overflow=\u00a0\u00bbvisible\u00a0\u00bb overlay_strength=\u00a0\u00bb0.3&Prime; gradient_direction=\u00a0\u00bbleft_to_right\u00a0\u00bb shape_divider_position=\u00a0\u00bbbottom\u00a0\u00bb bg_image_animation=\u00a0\u00bbnone\u00a0\u00bb][vc_column column_padding=\u00a0\u00bbno-extra-padding\u00a0\u00bb column_padding_tablet=\u00a0\u00bbinherit\u00a0\u00bb column_padding_phone=\u00a0\u00bbinherit\u00a0\u00bb column_padding_position=\u00a0\u00bball\u00a0\u00bb column_element_direction_desktop=\u00a0\u00bbdefault\u00a0\u00bb column_element_spacing=\u00a0\u00bbdefault\u00a0\u00bb desktop_text_alignment=\u00a0\u00bbdefault\u00a0\u00bb tablet_text_alignment=\u00a0\u00bbdefault\u00a0\u00bb phone_text_alignment=\u00a0\u00bbdefault\u00a0\u00bb background_color_opacity=\u00a0\u00bb1&Prime; background_hover_color_opacity=\u00a0\u00bb1&Prime; column_backdrop_filter=\u00a0\u00bbnone\u00a0\u00bb column_shadow=\u00a0\u00bbnone\u00a0\u00bb column_border_radius=\u00a0\u00bbnone\u00a0\u00bb column_link_target=\u00a0\u00bb_self\u00a0\u00bb column_position=\u00a0\u00bbdefault\u00a0\u00bb gradient_direction=\u00a0\u00bbleft_to_right\u00a0\u00bb overlay_strength=\u00a0\u00bb0.3&Prime; width=\u00a0\u00bb1\/1&Prime; tablet_width_inherit=\u00a0\u00bbdefault\u00a0\u00bb animation_type=\u00a0\u00bbdefault\u00a0\u00bb bg_image_animation=\u00a0\u00bbnone\u00a0\u00bb border_type=\u00a0\u00bbsimple\u00a0\u00bb column_border_width=\u00a0\u00bbnone\u00a0\u00bb column_border_style=\u00a0\u00bbsolid\u00a0\u00bb][vc_column_text]\n<h2>Qui sommes-nous ?<\/h2>\n<p>L\u2019adresse de notre site est : <a href=\"https:\/\/observatoiredelasanteinternationale.fr\/\">https:\/\/observatoiredelasanteinternationale.fr\/<\/a><\/p>\n<p>L&rsquo;\u00e9dition du site Observatoire de la sant\u00e9 Internationale est assur\u00e9e par la Soci\u00e9t\u00e9 NEUVILLE SAS au capital de 1441,17 euros, RCS Paris 788 571 834 dont le si\u00e8ge social est situ\u00e9 au Palais Brongniart, 28 Place de la Bourse, 75002 Paris FRANCE<\/p>\n<p>La soci\u00e9t\u00e9 NEUVILLE SAS (Nom Commercial SANTEXPAT) est inscrite au registre des interm\u00e9diaires en assurance (ORIAS) sous le num\u00e9ro 12068930.<\/p>\n<p>L&rsquo;h\u00e9bergeur du site Observatoire de la sant\u00e9 internationale est la Soci\u00e9t\u00e9 OVH dont le si\u00e8ge social est situ\u00e9 au 2 rue Kellermann, 59100 &#8211; ROUBAIX &#8211; FRANCE<\/p>\n<p>L\u2019\u00e9dition du site\u00a0 Observatoire de la sant\u00e9 internationale est assur\u00e9e par la Soci\u00e9t\u00e9 NEUVILLE SAS\u00a0(Nom Commercial SANTEXPAT)\u00a0au capital de 1441,17 euros, RCS Paris\u00a0788 571 834\u00a0dont le si\u00e8ge social est situ\u00e9 au Palais Brongniart, 28 Place de la Bourse, 75002 Paris\u00a0FRANCE<\/p>\n<!-- \/wp:post-content -->\n<!-- wp:heading -->\n<h2 class=\"wp-block-heading\">Cookies<\/h2>\n<!-- \/wp:heading -->\n<p><!-- wp:paragraph -->Si vous d\u00e9posez un commentaire sur notre site, il vous sera propos\u00e9 d\u2019enregistrer votre nom, adresse e-mail et site dans des cookies. C\u2019est uniquement pour votre confort afin de ne pas avoir \u00e0 saisir ces informations si vous d\u00e9posez un autre commentaire plus tard. Ces cookies expirent au bout d\u2019un an.<\/p>\n<!-- \/wp:paragraph -->\n<p><!-- wp:paragraph -->Si vous vous rendez sur la page de connexion, un cookie temporaire sera cr\u00e9\u00e9 afin de d\u00e9terminer si votre navigateur accepte les cookies. Il ne contient pas de donn\u00e9es personnelles et sera supprim\u00e9 automatiquement \u00e0 la fermeture de votre navigateur.<\/p>\n<!-- \/wp:paragraph -->\n<p><!-- wp:paragraph -->Lorsque vous vous connecterez, nous mettrons en place un certain nombre de cookies pour enregistrer vos informations de connexion et vos pr\u00e9f\u00e9rences d\u2019\u00e9cran. La dur\u00e9e de vie d\u2019un cookie de connexion est de deux jours, celle d\u2019un cookie d\u2019option d\u2019\u00e9cran est d\u2019un an. Si vous cochez \u00ab\u00a0Se souvenir de moi\u00a0\u00bb, votre cookie de connexion sera conserv\u00e9 pendant deux semaines. Si vous vous d\u00e9connectez de votre compte, le cookie de connexion sera effac\u00e9.<\/p>\n<!-- \/wp:paragraph -->\n<p><!-- wp:paragraph -->En modifiant ou en publiant une publication, un cookie suppl\u00e9mentaire sera enregistr\u00e9 dans votre navigateur. Ce cookie ne comprend aucune donn\u00e9e personnelle. Il indique simplement l\u2019ID de la publication que vous venez de modifier. Il expire au bout d\u2019un jour.<\/p>\n<!-- \/wp:paragraph -->\n<p><!-- wp:paragraph -->Un \u00ab cookie \u00bb est un petit fichier d\u2019information envoy\u00e9 sur le navigateur de l\u2019Utilisateur et enregistr\u00e9 au sein du terminal de l\u2019Utilisateur (ex : ordinateur, smartphone), (ci-apr\u00e8s \u00ab Cookies \u00bb). Ce fichier comprend des informations telles que le nom de domaine de l\u2019Utilisateur, le fournisseur d\u2019acc\u00e8s Internet de l\u2019Utilisateur, le syst\u00e8me d\u2019exploitation de l\u2019Utilisateur, ainsi que la date et l\u2019heure d\u2019acc\u00e8s. Les Cookies ne risquent en aucun cas d\u2019endommager le terminal de l\u2019Utilisateur.<\/p>\n<!-- \/wp:paragraph -->\n<p><!-- wp:paragraph -->L&rsquo;Observatoire de la sant\u00e9 internationale est susceptible de traiter les informations de l\u2019Utilisateur concernant sa visite du Site, telles que les pages consult\u00e9es, les recherches effectu\u00e9es. Ces informations permettent \u00e0 <a href=\"https:\/\/observatoiredelasanteinternationale.fr\/\">Observatoire de la sant\u00e9 internationale<\/a> d\u2019am\u00e9liorer le contenu du Site, de la navigation de l\u2019Utilisateur.<\/p>\n<!-- \/wp:paragraph -->\n<p><!-- wp:paragraph -->Les Cookies facilitant la navigation et\/ou la fourniture des services propos\u00e9s par le Site, l\u2019Utilisateur peut configurer son navigateur pour qu\u2019il lui permette de d\u00e9cider s\u2019il souhaite ou non les accepter de mani\u00e8re \u00e0 ce que des Cookies soient enregistr\u00e9s dans le terminal ou, au contraire, qu\u2019ils soient rejet\u00e9s, soit syst\u00e9matiquement, soit selon leur \u00e9metteur. L\u2019Utilisateur peut \u00e9galement configurer son logiciel de navigation de mani\u00e8re \u00e0 ce que l\u2019acceptation ou le refus des Cookies lui soient propos\u00e9s ponctuellement, avant qu\u2019un Cookie soit susceptible d\u2019\u00eatre enregistr\u00e9 dans son terminal. Observatoire de la sant\u00e9 internationale informe l\u2019Utilisateur que, dans ce cas, il se peut que les fonctionnalit\u00e9s de son logiciel de navigation ne soient pas toutes disponibles.<\/p>\n<!-- \/wp:paragraph -->\n<p><!-- wp:paragraph -->Si l\u2019Utilisateur refuse l\u2019enregistrement de Cookies dans son terminal ou son navigateur, ou si l\u2019Utilisateur supprime ceux qui y sont enregistr\u00e9s, l\u2019Utilisateur peut \u00eatre inform\u00e9 que sa navigation et son exp\u00e9rience sur le Site peuvent \u00eatre limit\u00e9es. Cela pourrait \u00e9galement \u00eatre le cas lorsque <a href=\"https:\/\/observatoiredelasanteinternationale.fr\/\">Observatoire de la sant\u00e9 internationale<\/a> ou l\u2019un de ses prestataires ne peut pas reconna\u00eetre, \u00e0 des fins de compatibilit\u00e9 technique, le type de navigateur utilis\u00e9 par le terminal, les param\u00e8tres de langue et d\u2019affichage ou le pays depuis lequel le terminal semble connect\u00e9 \u00e0 Internet.<\/p>\n<!-- \/wp:paragraph -->\n<p><!-- wp:paragraph -->Le cas \u00e9ch\u00e9ant, Observatoire de la sant\u00e9 internationale d\u00e9cline toute responsabilit\u00e9 pour les cons\u00e9quences li\u00e9es au fonctionnement d\u00e9grad\u00e9 du Site et des services \u00e9ventuellement propos\u00e9s par Observatoire de la sant\u00e9 internationale, r\u00e9sultant (i) du refus de Cookies par l\u2019Utilisateur (ii) de l\u2019impossibilit\u00e9 pour Observatoire de la sant\u00e9 internationale d\u2019enregistrer ou de consulter les Cookies n\u00e9cessaires \u00e0 leur fonctionnement du fait du choix de l\u2019Utilisateur. Pour la gestion des Cookies et des choix de l\u2019Utilisateur, la configuration de chaque navigateur est diff\u00e9rente. Elle est d\u00e9crite dans le menu d\u2019aide du navigateur, qui permettra de savoir de quelle mani\u00e8re l\u2019Utilisateur peut modifier ses souhaits en mati\u00e8re de Cookies.<\/p>\n<!-- \/wp:paragraph -->\n<p><!-- wp:paragraph -->\u00c0 tout moment, l\u2019Utilisateur peut faire le choix d\u2019exprimer et de modifier ses souhaits en mati\u00e8re de Cookies. Observatoire de la sant\u00e9 internationale pourra en outre faire appel aux services de prestataires externes pour l\u2019aider \u00e0 recueillir et traiter les informations d\u00e9crites dans cette section.<\/p>\n<!-- \/wp:paragraph -->\n<p><!-- wp:paragraph -->Ces types de cookies ne sont d\u00e9pos\u00e9s sur vos terminaux qu\u2019\u00e0 condition que vous y consentiez, en continuant votre navigation sur le Site Internet ou l\u2019application mobile de Observatoire de la sant\u00e9 internationale. \u00c0 tout moment, l\u2019Utilisateur peut n\u00e9anmoins revenir sur son consentement \u00e0 ce que Observatoire de la sant\u00e9 internationale d\u00e9pose ce type de cookies.<\/p>\n<!-- \/wp:paragraph -->\n<!-- wp:heading -->\n<h2 class=\"wp-block-heading\">Contenu embarqu\u00e9 depuis d\u2019autres sites<\/h2>\n<!-- \/wp:heading -->\n<p><!-- wp:paragraph -->Les articles de ce site peuvent inclure des contenus int\u00e9gr\u00e9s (par exemple des vid\u00e9os, images, articles\u2026). Le contenu int\u00e9gr\u00e9 depuis d\u2019autres sites se comporte de la m\u00eame mani\u00e8re que si le visiteur se rendait sur cet autre site.<\/p>\n<!-- \/wp:paragraph -->\n<p><!-- wp:paragraph -->Ces sites web pourraient collecter des donn\u00e9es sur vous, utiliser des cookies, embarquer des outils de suivis tiers, suivre vos interactions avec ces contenus embarqu\u00e9s si vous disposez d\u2019un compte connect\u00e9 sur leur site web.<\/p>\n<!-- \/wp:paragraph -->\n<!-- wp:heading -->\n<h2 class=\"wp-block-heading\">Dur\u00e9es de stockage de vos donn\u00e9es<\/h2>\n<!-- \/wp:heading -->\n<p><!-- wp:paragraph -->Si vous laissez un commentaire, le commentaire et ses m\u00e9tadonn\u00e9es sont conserv\u00e9s ind\u00e9finiment. Cela permet de reconna\u00eetre et approuver automatiquement les commentaires suivants au lieu de les laisser dans la file de mod\u00e9ration.<\/p>\n<!-- \/wp:paragraph -->\n<!-- wp:paragraph \/-->\n<!-- wp:heading -->\n<h2 class=\"wp-block-heading\">Les droits que vous avez sur vos donn\u00e9es<\/h2>\n<!-- \/wp:heading -->\n<p><!-- wp:paragraph -->Si vous avez un compte ou si vous avez laiss\u00e9 des commentaires sur le site, vous pouvez demander \u00e0 recevoir un fichier contenant toutes les donn\u00e9es personnelles que nous poss\u00e9dons \u00e0 votre sujet, incluant celles que vous nous avez fournies. Vous pouvez \u00e9galement demander la suppression des donn\u00e9es personnelles vous concernant. Cela ne prend pas en compte les donn\u00e9es stock\u00e9es \u00e0 des fins administratives, l\u00e9gales ou pour des raisons de s\u00e9curit\u00e9.<\/p>\n<!-- \/wp:paragraph -->\n<!-- wp:heading -->\n<h2 class=\"wp-block-heading\">Transmission de vos donn\u00e9es personnelles<\/h2>\n<!-- \/wp:heading -->\n<p><!-- wp:paragraph -->Les commentaires des visiteurs peuvent \u00eatre v\u00e9rifi\u00e9s \u00e0 l\u2019aide d\u2019un service automatis\u00e9 de d\u00e9tection des commentaires ind\u00e9sirables.<\/p>\n<!-- \/wp:paragraph -->\n<!-- wp:heading -->\n<h2 class=\"wp-block-heading\">R\u00e9clamations<\/h2>\n<!-- \/wp:heading -->\n<p><!-- wp:paragraph -->Pour toute r\u00e9clamation, nous vous invitons a adresser une courrier a NEUVILLE SAS &#8211; Service r\u00e9clamation &#8211; Palais Brongniart, 28 Place de la Bourse, 75002 Paris ou un email a reclamation@santexpat.fr en indiquant, votre pr\u00e9nom, nom de famille, assureur, num\u00e9ro de contrat et\/ou d\u2019assur\u00e9<\/p>\n<!-- \/wp:paragraph -->\n<p><!-- wp:paragraph -->Si notre service r\u00e9clamation ne vous donne pas satisfaction, vous pouvez saisir le m\u00e9diateur de PLANETE CSCA par courrier simple \u00e0 :<\/p>\n<!-- \/wp:paragraph -->\n<p><!-- wp:paragraph -->Service de la M\u00e9diation PLANETE CSCA 10 rue Auber &#8211; 75009 Paris<\/p>\n<!-- \/wp:paragraph -->\n<p><!-- wp:paragraph -->ou par email \u00e0 www.mediation-assurance.org<\/p>\n<!-- \/wp:paragraph -->\n<p>&nbsp;<\/p>\n[\/vc_column_text][\/vc_column][\/vc_row]\n","protected":false},"excerpt":{"rendered":"<p>[vc_row type=\u00a0\u00bbin_container\u00a0\u00bb full_screen_row_position=\u00a0\u00bbmiddle\u00a0\u00bb column_margin=\u00a0\u00bbdefault\u00a0\u00bb column_direction=\u00a0\u00bbdefault\u00a0\u00bb column_direction_tablet=\u00a0\u00bbdefault\u00a0\u00bb column_direction_phone=\u00a0\u00bbdefault\u00a0\u00bb scene_position=\u00a0\u00bbcenter\u00a0\u00bb text_color=\u00a0\u00bbdark\u00a0\u00bb text_align=\u00a0\u00bbleft\u00a0\u00bb row_border_radius=\u00a0\u00bbnone\u00a0\u00bb row_border_radius_applies=\u00a0\u00bbbg\u00a0\u00bb overflow=\u00a0\u00bbvisible\u00a0\u00bb overlay_strength=\u00a0\u00bb0.3&Prime; gradient_direction=\u00a0\u00bbleft_to_right\u00a0\u00bb shape_divider_position=\u00a0\u00bbbottom\u00a0\u00bb bg_image_animation=\u00a0\u00bbnone\u00a0\u00bb][vc_column column_padding=\u00a0\u00bbno-extra-padding\u00a0\u00bb column_padding_tablet=\u00a0\u00bbinherit\u00a0\u00bb column_padding_phone=\u00a0\u00bbinherit\u00a0\u00bb column_padding_position=\u00a0\u00bball\u00a0\u00bb column_element_direction_desktop=\u00a0\u00bbdefault\u00a0\u00bb column_element_spacing=\u00a0\u00bbdefault\u00a0\u00bb desktop_text_alignment=\u00a0\u00bbdefault\u00a0\u00bb tablet_text_alignment=\u00a0\u00bbdefault\u00a0\u00bb phone_text_alignment=\u00a0\u00bbdefault\u00a0\u00bb background_color_opacity=\u00a0\u00bb1&Prime; background_hover_color_opacity=\u00a0\u00bb1&Prime; column_backdrop_filter=\u00a0\u00bbnone\u00a0\u00bb column_shadow=\u00a0\u00bbnone\u00a0\u00bb&#8230;<\/p>\n","protected":false},"author":1,"featured_media":0,"parent":0,"menu_order":0,"comment_status":"closed","ping_status":"closed","template":"","meta":{"footnotes":""},"class_list":["post-692","page","type-page","status-publish"],"yoast_head":"<!-- This site is optimized with the Yoast SEO plugin v20.12 - https:\/\/yoast.com\/wordpress\/plugins\/seo\/ -->\n<title>Mentions l\u00e9gales de l&#039;Observatoire de la sant\u00e9 internationale<\/title>\n<meta name=\"description\" content=\"Les mentions l\u00e9gales du site de l&#039;Observatoire de la sant\u00e9 internationale permettent la l\u00e9galit\u00e9 de ce site et d&#039;informer l&#039;utilisateur.\" \/>\n<meta name=\"robots\" content=\"index, follow, max-snippet:-1, max-image-preview:large, max-video-preview:-1\" \/>\n<link rel=\"canonical\" href=\"https:\/\/observatoiredelasanteinternationale.fr\/index.php\/mentions-legales-observatoire-de-la-sante-internationale\/\" \/>\n<meta property=\"og:locale\" content=\"fr_FR\" \/>\n<meta property=\"og:type\" content=\"article\" \/>\n<meta property=\"og:title\" content=\"Mentions l\u00e9gales de l&#039;Observatoire de la sant\u00e9 internationale\" \/>\n<meta property=\"og:description\" content=\"Les mentions l\u00e9gales du site de l&#039;Observatoire de la sant\u00e9 internationale permettent la l\u00e9galit\u00e9 de ce site et d&#039;informer l&#039;utilisateur.\" \/>\n<meta property=\"og:url\" content=\"https:\/\/observatoiredelasanteinternationale.fr\/index.php\/mentions-legales-observatoire-de-la-sante-internationale\/\" \/>\n<meta property=\"og:site_name\" content=\"Observatoire de la Sant\u00e9 Internationale\" \/>\n<meta property=\"article:modified_time\" content=\"2023-07-19T14:06:00+00:00\" \/>\n<meta name=\"twitter:card\" content=\"summary_large_image\" \/>\n<meta name=\"twitter:label1\" content=\"Dur\u00e9e de lecture estim\u00e9e\" \/>\n\t<meta name=\"twitter:data1\" content=\"7 minutes\" \/>\n<script type=\"application\/ld+json\" class=\"yoast-schema-graph\">{\"@context\":\"https:\/\/schema.org\",\"@graph\":[{\"@type\":\"WebPage\",\"@id\":\"https:\/\/observatoiredelasanteinternationale.fr\/index.php\/mentions-legales-observatoire-de-la-sante-internationale\/\",\"url\":\"https:\/\/observatoiredelasanteinternationale.fr\/index.php\/mentions-legales-observatoire-de-la-sante-internationale\/\",\"name\":\"Mentions l\u00e9gales de l'Observatoire de la sant\u00e9 internationale\",\"isPartOf\":{\"@id\":\"https:\/\/observatoiredelasanteinternationale.fr\/#website\"},\"datePublished\":\"2023-03-29T12:34:36+00:00\",\"dateModified\":\"2023-07-19T14:06:00+00:00\",\"description\":\"Les mentions l\u00e9gales du site de l'Observatoire de la sant\u00e9 internationale permettent la l\u00e9galit\u00e9 de ce site et d'informer l'utilisateur.\",\"breadcrumb\":{\"@id\":\"https:\/\/observatoiredelasanteinternationale.fr\/index.php\/mentions-legales-observatoire-de-la-sante-internationale\/#breadcrumb\"},\"inLanguage\":\"fr-FR\",\"potentialAction\":[{\"@type\":\"ReadAction\",\"target\":[\"https:\/\/observatoiredelasanteinternationale.fr\/index.php\/mentions-legales-observatoire-de-la-sante-internationale\/\"]}]},{\"@type\":\"BreadcrumbList\",\"@id\":\"https:\/\/observatoiredelasanteinternationale.fr\/index.php\/mentions-legales-observatoire-de-la-sante-internationale\/#breadcrumb\",\"itemListElement\":[{\"@type\":\"ListItem\",\"position\":1,\"name\":\"Home\",\"item\":\"https:\/\/observatoiredelasanteinternationale.fr\/\"},{\"@type\":\"ListItem\",\"position\":2,\"name\":\"Mentions L\u00e9gales\"}]},{\"@type\":\"WebSite\",\"@id\":\"https:\/\/observatoiredelasanteinternationale.fr\/#website\",\"url\":\"https:\/\/observatoiredelasanteinternationale.fr\/\",\"name\":\"Observatoire de la Sant\u00e9 Internationale\",\"description\":\"Un site utilisant WordPress\",\"potentialAction\":[{\"@type\":\"SearchAction\",\"target\":{\"@type\":\"EntryPoint\",\"urlTemplate\":\"https:\/\/observatoiredelasanteinternationale.fr\/?s={search_term_string}\"},\"query-input\":\"required name=search_term_string\"}],\"inLanguage\":\"fr-FR\"}]}<\/script>\n<!-- \/ Yoast SEO plugin. -->","yoast_head_json":{"title":"Mentions l\u00e9gales de l'Observatoire de la sant\u00e9 internationale","description":"Les mentions l\u00e9gales du site de l'Observatoire de la sant\u00e9 internationale permettent la l\u00e9galit\u00e9 de ce site et d'informer l'utilisateur.","robots":{"index":"index","follow":"follow","max-snippet":"max-snippet:-1","max-image-preview":"max-image-preview:large","max-video-preview":"max-video-preview:-1"},"canonical":"https:\/\/observatoiredelasanteinternationale.fr\/index.php\/mentions-legales-observatoire-de-la-sante-internationale\/","og_locale":"fr_FR","og_type":"article","og_title":"Mentions l\u00e9gales de l'Observatoire de la sant\u00e9 internationale","og_description":"Les mentions l\u00e9gales du site de l'Observatoire de la sant\u00e9 internationale permettent la l\u00e9galit\u00e9 de ce site et d'informer l'utilisateur.","og_url":"https:\/\/observatoiredelasanteinternationale.fr\/index.php\/mentions-legales-observatoire-de-la-sante-internationale\/","og_site_name":"Observatoire de la Sant\u00e9 Internationale","article_modified_time":"2023-07-19T14:06:00+00:00","twitter_card":"summary_large_image","twitter_misc":{"Dur\u00e9e de lecture estim\u00e9e":"7 minutes"},"schema":{"@context":"https:\/\/schema.org","@graph":[{"@type":"WebPage","@id":"https:\/\/observatoiredelasanteinternationale.fr\/index.php\/mentions-legales-observatoire-de-la-sante-internationale\/","url":"https:\/\/observatoiredelasanteinternationale.fr\/index.php\/mentions-legales-observatoire-de-la-sante-internationale\/","name":"Mentions l\u00e9gales de l'Observatoire de la sant\u00e9 internationale","isPartOf":{"@id":"https:\/\/observatoiredelasanteinternationale.fr\/#website"},"datePublished":"2023-03-29T12:34:36+00:00","dateModified":"2023-07-19T14:06:00+00:00","description":"Les mentions l\u00e9gales du site de l'Observatoire de la sant\u00e9 internationale permettent la l\u00e9galit\u00e9 de ce site et d'informer l'utilisateur.","breadcrumb":{"@id":"https:\/\/observatoiredelasanteinternationale.fr\/index.php\/mentions-legales-observatoire-de-la-sante-internationale\/#breadcrumb"},"inLanguage":"fr-FR","potentialAction":[{"@type":"ReadAction","target":["https:\/\/observatoiredelasanteinternationale.fr\/index.php\/mentions-legales-observatoire-de-la-sante-internationale\/"]}]},{"@type":"BreadcrumbList","@id":"https:\/\/observatoiredelasanteinternationale.fr\/index.php\/mentions-legales-observatoire-de-la-sante-internationale\/#breadcrumb","itemListElement":[{"@type":"ListItem","position":1,"name":"Home","item":"https:\/\/observatoiredelasanteinternationale.fr\/"},{"@type":"ListItem","position":2,"name":"Mentions L\u00e9gales"}]},{"@type":"WebSite","@id":"https:\/\/observatoiredelasanteinternationale.fr\/#website","url":"https:\/\/observatoiredelasanteinternationale.fr\/","name":"Observatoire de la Sant\u00e9 Internationale","description":"Un site utilisant WordPress","potentialAction":[{"@type":"SearchAction","target":{"@type":"EntryPoint","urlTemplate":"https:\/\/observatoiredelasanteinternationale.fr\/?s={search_term_string}"},"query-input":"required name=search_term_string"}],"inLanguage":"fr-FR"}]}},"_links":{"self":[{"href":"https:\/\/observatoiredelasanteinternationale.fr\/index.php\/wp-json\/wp\/v2\/pages\/692","targetHints":{"allow":["GET"]}}],"collection":[{"href":"https:\/\/observatoiredelasanteinternationale.fr\/index.php\/wp-json\/wp\/v2\/pages"}],"about":[{"href":"https:\/\/observatoiredelasanteinternationale.fr\/index.php\/wp-json\/wp\/v2\/types\/page"}],"author":[{"embeddable":true,"href":"https:\/\/observatoiredelasanteinternationale.fr\/index.php\/wp-json\/wp\/v2\/users\/1"}],"replies":[{"embeddable":true,"href":"https:\/\/observatoiredelasanteinternationale.fr\/index.php\/wp-json\/wp\/v2\/comments?post=692"}],"version-history":[{"count":7,"href":"https:\/\/observatoiredelasanteinternationale.fr\/index.php\/wp-json\/wp\/v2\/pages\/692\/revisions"}],"predecessor-version":[{"id":2571,"href":"https:\/\/observatoiredelasanteinternationale.fr\/index.php\/wp-json\/wp\/v2\/pages\/692\/revisions\/2571"}],"wp:attachment":[{"href":"https:\/\/observatoiredelasanteinternationale.fr\/index.php\/wp-json\/wp\/v2\/media?parent=692"}],"curies":[{"name":"wp","href":"https:\/\/api.w.org\/{rel}","templated":true}]}}